{"id":9,"date":"2015-04-14T16:32:47","date_gmt":"2015-04-14T14:32:47","guid":{"rendered":"http:\/\/codeanker.de\/kunden\/jusos-niebuell\/?page_id=9"},"modified":"2024-04-18T12:06:25","modified_gmt":"2024-04-18T10:06:25","slug":"vorstand","status":"publish","type":"page","link":"https:\/\/jusosnf.de\/home\/vorstand\/","title":{"rendered":"Vorstand"},"content":{"rendered":"<p>Am 30. M\u00e4rz 2024 kamen wir in Husum im Herzen Nordfrieslands zusammen, um auf unserer Kreiskonferenz einen neuen Vorstand f\u00fcr die JUSOS Nordfriesland zu w\u00e4hlen.<\/p>\n","protected":false},"excerpt":{"rendered":"<p>Am 30. M\u00e4rz 2024 kamen wir in Husum im Herzen Nordfrieslands zusammen, um auf unserer Kreiskonferenz einen neuen Vorstand f\u00fcr die JUSOS Nordfriesland zu w\u00e4hlen.<\/p>\n","protected":false},"author":4,"featured_media":0,"parent":0,"menu_order":0,"comment_status":"closed","ping_status":"open","template":"template-persons.php","meta":{"inline_featured_image":false,"footnotes":""},"_links":{"self":[{"href":"https:\/\/jusosnf.de\/home\/wp-json\/wp\/v2\/pages\/9"}],"collection":[{"href":"https:\/\/jusosnf.de\/home\/wp-json\/wp\/v2\/pages"}],"about":[{"href":"https:\/\/jusosnf.de\/home\/wp-json\/wp\/v2\/types\/page"}],"author":[{"embeddable":true,"href":"https:\/\/jusosnf.de\/home\/wp-json\/wp\/v2\/users\/4"}],"replies":[{"embeddable":true,"href":"https:\/\/jusosnf.de\/home\/wp-json\/wp\/v2\/comments?post=9"}],"version-history":[{"count":194,"href":"https:\/\/jusosnf.de\/home\/wp-json\/wp\/v2\/pages\/9\/revisions"}],"predecessor-version":[{"id":1048,"href":"https:\/\/jusosnf.de\/home\/wp-json\/wp\/v2\/pages\/9\/revisions\/1048"}],"wp:attachment":[{"href":"https:\/\/jusosnf.de\/home\/wp-json\/wp\/v2\/media?parent=9"}],"curies":[{"name":"wp","href":"https:\/\/api.w.org\/{rel}","templated":true}]}}