{"id":963,"date":"2019-05-06T20:51:02","date_gmt":"2019-05-06T18:51:02","guid":{"rendered":"https:\/\/jusosnf.de\/home\/?page_id=963"},"modified":"2019-05-06T20:51:02","modified_gmt":"2019-05-06T18:51:02","slug":"wir-jusos","status":"publish","type":"page","link":"https:\/\/jusosnf.de\/home\/wir-jusos\/","title":{"rendered":"Wir Jusos"},"content":{"rendered":"<h1><strong><span style=\"font-family: helvetica, arial, sans-serif;\">\u00dcber uns<\/span><\/strong><\/h1>\n<p>Wir sind die<strong>\u00a0Jungsozialistinnen und Jungsozialisten in der SPD<\/strong>, kurz: Jusos. Bei uns engagieren sich bundesweit \u00fcber 70.000 Menschen im Alter zwischen 14 und 35 Jahren.<\/p>\n<p>Unsere Grundwerte sind\u00a0Freiheit, Gerechtigkeit und Solidarit\u00e4t. Wir wollen eine Gesellschaft schaffen, die frei ist von Diskriminierung und Unterdr\u00fcckung. Wir wollen, dass die Menschen auf eine andere Art als heute, zusammenleben und arbeiten k\u00f6nnen. Wir sind der Meinung, dass nicht die Herkunft \u00fcber die Chancen eines Menschen entscheiden sollte, sondern die eigenen F\u00e4higkeiten. Und damit das so ist, bef\u00fcrworten wir einen starken Solidarstaat, der das Geld bei denen einnimmt, die mehr als genug haben, und damit diejenigen f\u00f6rdert, die Unterst\u00fctzung ben\u00f6tigen.<\/p>\n<p>Wir wollen den\u00a0Kapitalismus \u00fcberwinden\u00a0und treten f\u00fcr eine andere Gesellschaftsordnung, den Sozialismus, ein. Wir k\u00e4mpfen f\u00fcr unsere Vorstellung von einer Gesellschaft der Befreiung der Menschen in der Arbeit, der sozialen Sicherheit und pers\u00f6nlichen Emanzipation. Sozialismus ist f\u00fcr uns keine unerreichbare Utopie, sondern notwendig, um die Probleme unserer Zeit zu l\u00f6sen.<\/p>\n<blockquote><p>Wir geben jungen Menschen eine Stimme und mischen uns in Politik ein.<\/p><\/blockquote>\n<p>Wir geben jungen Menschen eine Stimme und mischen uns in Politik ein. Bei ganz konkreten Fragen vor Ort, auf Landes- und auf Bundesebene. \u00dcber unseren europ\u00e4ischen Dachverband YES (Young European Socialists) und internationalen Dachverband IUSY (International Union of Socialists Youth) stehen wir in st\u00e4ndigem Austausch mit Partnern in der ganzen Welt und sind so auch international bestens vernetzt.<\/p>\n<p>Wir \u00fcben unseren Einfluss in der SPD aus, versuchen mit guten Argumenten zu \u00fcberzeugen und unsere Partei f\u00fcr unsere Anliegen zu gewinnen. Wir schlie\u00dfen uns aber auch mit anderen\u00a0befreundeten Organisationen\u00a0zusammen, um unsere Ziele zu erreichen, darunter Gewerkschaftsjugenden, soziale Bewegungen und Antifa-Initiativen.<\/p>\n<p>Wir sind ein\u00a0offener Verband, der auch f\u00fcr die kurzfristige Mitarbeit offen steht. Wer sich bei den Jusos engagiert muss nicht gleich ein Parteibuch beantragen. Denn so unterschiedlich unsere Mitglieder sind, so unterschiedlich ist auch unser Engagement. Wir sind an Schulen und Universit\u00e4ten aktiv, in B\u00fcndnissen und ehrenamtlichen Initiativen. Wir organisieren Diskussions- und Kulturveranstaltungen, verteilen Infomaterial und demonstrieren auf der Stra\u00dfe. Ihr findet uns in vielen Parlamenten und nat\u00fcrlich immer auch in eurer N\u00e4he!<\/p>\n","protected":false},"excerpt":{"rendered":"<p>\u00dcber uns Wir sind die\u00a0Jungsozialistinnen und Jungsozialisten in der SPD, kurz: Jusos. Bei uns engagieren sich bundesweit \u00fcber 70.000 Menschen im Alter zwischen 14 und 35 Jahren. Unsere Grundwerte sind\u00a0Freiheit, Gerechtigkeit und Solidarit\u00e4t. Wir wollen eine Gesellschaft schaffen, die frei ist von Diskriminierung und Unterdr\u00fcckung. Wir wollen, dass die Menschen auf eine andere Art als [&hellip;]<\/p>\n","protected":false},"author":4,"featured_media":0,"parent":0,"menu_order":0,"comment_status":"closed","ping_status":"closed","template":"","meta":{"inline_featured_image":false,"footnotes":""},"_links":{"self":[{"href":"https:\/\/jusosnf.de\/home\/wp-json\/wp\/v2\/pages\/963"}],"collection":[{"href":"https:\/\/jusosnf.de\/home\/wp-json\/wp\/v2\/pages"}],"about":[{"href":"https:\/\/jusosnf.de\/home\/wp-json\/wp\/v2\/types\/page"}],"author":[{"embeddable":true,"href":"https:\/\/jusosnf.de\/home\/wp-json\/wp\/v2\/users\/4"}],"replies":[{"embeddable":true,"href":"https:\/\/jusosnf.de\/home\/wp-json\/wp\/v2\/comments?post=963"}],"version-history":[{"count":1,"href":"https:\/\/jusosnf.de\/home\/wp-json\/wp\/v2\/pages\/963\/revisions"}],"predecessor-version":[{"id":964,"href":"https:\/\/jusosnf.de\/home\/wp-json\/wp\/v2\/pages\/963\/revisions\/964"}],"wp:attachment":[{"href":"https:\/\/jusosnf.de\/home\/wp-json\/wp\/v2\/media?parent=963"}],"curies":[{"name":"wp","href":"https:\/\/api.w.org\/{rel}","templated":true}]}}